{"id":957,"date":"2021-05-17T09:10:02","date_gmt":"2021-05-17T09:10:02","guid":{"rendered":"https:\/\/gracey.qodeinteractive.com\/?page_id=957"},"modified":"2024-05-29T04:35:49","modified_gmt":"2024-05-29T04:35:49","slug":"right-sidebar","status":"publish","type":"page","link":"https:\/\/colombiacultural.co\/?page_id=957","title":{"rendered":"Right Sidebar"},"content":{"rendered":"\t\t<div data-elementor-type=\"wp-page\" data-elementor-id=\"957\" class=\"elementor elementor-957\">\n\t\t\t\t\t\t<section class=\"elementor-section elementor-top-section elementor-element elementor-element-239e7ce elementor-section-full_width elementor-section-height-default elementor-section-height-default qodef-elementor-content-no\" data-id=\"239e7ce\" data-element_type=\"section\">\n\t\t\t\t\t\t<div class=\"elementor-container elementor-column-gap-default\">\n\t\t\t\t\t<div class=\"elementor-column elementor-col-100 elementor-top-column elementor-element elementor-element-7687bcf\" data-id=\"7687bcf\" data-element_type=\"column\">\n\t\t\t<div class=\"elementor-widget-wrap elementor-element-populated\">\n\t\t\t\t\t\t<div class=\"elementor-element elementor-element-f5a48b4 elementor-widget elementor-widget-gracey_core_blog_list\" data-id=\"f5a48b4\" data-element_type=\"widget\" data-widget_type=\"gracey_core_blog_list.default\">\n\t\t\t\t<div class=\"elementor-widget-container\">\n\t\t\t<div class=\"qodef-shortcode qodef-m  qodef-blog qodef--list qodef-item-layout--standard qodef-grid qodef-layout--columns  qodef-gutter--normal qodef-col-num--1 qodef-item-layout--standard qodef-pagination--on qodef-pagination-type--standard qodef-responsive--predefined\" data-options=\"{&quot;plugin&quot;:&quot;gracey_core&quot;,&quot;module&quot;:&quot;blog\\\/shortcodes&quot;,&quot;shortcode&quot;:&quot;blog-list&quot;,&quot;post_type&quot;:&quot;post&quot;,&quot;next_page&quot;:&quot;2&quot;,&quot;max_pages_num&quot;:1,&quot;behavior&quot;:&quot;columns&quot;,&quot;images_proportion&quot;:&quot;full&quot;,&quot;columns&quot;:&quot;1&quot;,&quot;columns_responsive&quot;:&quot;predefined&quot;,&quot;space&quot;:&quot;normal&quot;,&quot;posts_per_page&quot;:&quot;6&quot;,&quot;orderby&quot;:&quot;date&quot;,&quot;order&quot;:&quot;ASC&quot;,&quot;layout&quot;:&quot;standard&quot;,&quot;title_tag&quot;:&quot;h2&quot;,&quot;pagination_type&quot;:&quot;standard&quot;,&quot;object_class_name&quot;:&quot;GraceyCore_Blog_List_Shortcode&quot;,&quot;taxonomy_filter&quot;:&quot;category&quot;,&quot;space_value&quot;:15}\">\n\t\t<div class=\"qodef-grid-inner clear\">\n\t\t<article class=\"qodef-e qodef-blog-item qodef-grid-item qodef-item--full post-8065 post type-post status-publish format-standard has-post-thumbnail hentry category-blog\">\n\t<div class=\"qodef-e-inner\">\n\t\t<div class=\"qodef-e-media\">\n\t\t<div class=\"qodef-e-media-image\">\n\t\t<a itemprop=\"url\" href=\"https:\/\/colombiacultural.co\/?p=8065\">\n\t\t\t<img fetchpriority=\"high\" decoding=\"async\" width=\"1024\" height=\"1024\" src=\"https:\/\/colombiacultural.co\/wp-content\/uploads\/2024\/05\/Imagen-de-WhatsApp-2024-05-28-a-las-10.29.57_31a9fd40.png\" class=\"attachment-full size-full wp-post-image\" alt=\"\" srcset=\"https:\/\/colombiacultural.co\/wp-content\/uploads\/2024\/05\/Imagen-de-WhatsApp-2024-05-28-a-las-10.29.57_31a9fd40.png 1024w, https:\/\/colombiacultural.co\/wp-content\/uploads\/2024\/05\/Imagen-de-WhatsApp-2024-05-28-a-las-10.29.57_31a9fd40-300x300.png 300w, https:\/\/colombiacultural.co\/wp-content\/uploads\/2024\/05\/Imagen-de-WhatsApp-2024-05-28-a-las-10.29.57_31a9fd40-150x150.png 150w, https:\/\/colombiacultural.co\/wp-content\/uploads\/2024\/05\/Imagen-de-WhatsApp-2024-05-28-a-las-10.29.57_31a9fd40-768x768.png 768w, https:\/\/colombiacultural.co\/wp-content\/uploads\/2024\/05\/Imagen-de-WhatsApp-2024-05-28-a-las-10.29.57_31a9fd40-650x650.png 650w\" sizes=\"(max-width: 1024px) 100vw, 1024px\" \/>\t\t<\/a>\n\t<\/div>\n<\/div>\n\t\t<div class=\"qodef-e-content\">\n\t\t\t<div class=\"qodef-e-info qodef-info--top\">\n\t\t\t\t<div itemprop=\"dateCreated\" class=\"qodef-e-info-item qodef-e-info-date entry-date \">\n\t<a itemprop=\"url\" href=\"https:\/\/colombiacultural.co\/?m=202405\">\n\t\tmayo 28, 2024\t<\/a>\n<\/div>\n\t\t\t<\/div>\n\t\t\t<div class=\"qodef-e-text\">\n\t\t\t\t<h2 itemprop=\"name\" class=\"qodef-e-title entry-title\" >\n\t<a itemprop=\"url\" class=\"qodef-e-title-link\" href=\"https:\/\/colombiacultural.co\/?p=8065\">\n\t\tDescubre la Maravilla de &#8220;Segunda Tierra 72&#8221;\t<\/a>\n<\/h2>\n\t\t<p itemprop=\"description\" class=\"qodef-e-excerpt\">Un Evento Imperdible de Compa\u00f1\u00eda Colombia Cultural. Entre los meses de Julio y agosto de 2024, 72 personas ser\u00e1n testigos de un evento sin precedentes: &#8220;Segunda Tierra 72&#8221;. Producido por Cococu, Compa\u00f1\u00eda Colombia Cultural este espect\u00e1culo performativo promete ser una<\/p>\n\t\t\t\t<\/div>\n\t\t\t<div class=\"qodef-e-info qodef-info--bottom\">\n\t\t\t\t<div class=\"qodef-e-info-left\">\n\t\t\t\t\t\t<div class=\"qodef-e-read-more\">\n\t\t<a class=\"qodef-shortcode qodef-m  qodef-button qodef-layout--textual  qodef-html--link\" href=\"https:\/\/colombiacultural.co\/?p=8065\" target=\"_self\"  >\t<span class=\"qodef-m-text\">Read More<\/span>    <span class=\"qodef-btn-icon\"><svg  xmlns=\"http:\/\/www.w3.org\/2000\/svg\" xmlns:xlink=\"http:\/\/www.w3.org\/1999\/xlink\" x=\"0px\" y=\"0px\" width=\"28\" height=\"18\" viewBox=\"0 0 28 18\"  xml:space=\"preserve\"><path d=\"M27.6,8.5c-5.5,0-9.5-8.1-9.5-8.2C17.9,0,17.7,0,17.5,0.1c-0.2,0.1-0.3,0.4-0.1,0.7c0.1,0.3,2.7,5.5,6.7,7.7H0.4C0.2,8.5,0,8.7,0,9c0,0.3,0.2,0.5,0.4,0.5h23.7c-4,2.2-6.6,7.4-6.7,7.7c-0.1,0.2,0,0.5,0.1,0.7c0.2,0.1,0.4,0.1,0.6-0.2c0-0.1,4.1-8.2,9.5-8.2C27.8,9.5,28,9.3,28,9C28,8.7,27.8,8.5,27.6,8.5z\"\/><path d=\"M27.6,8.5c-5.5,0-9.5-8.1-9.5-8.2C17.9,0,17.7,0,17.5,0.1c-0.2,0.1-0.3,0.4-0.1,0.7c0.1,0.3,2.7,5.5,6.7,7.7H0.4C0.2,8.5,0,8.7,0,9c0,0.3,0.2,0.5,0.4,0.5h23.7c-4,2.2-6.6,7.4-6.7,7.7c-0.1,0.2,0,0.5,0.1,0.7c0.2,0.1,0.4,0.1,0.6-0.2c0-0.1,4.1-8.2,9.5-8.2C27.8,9.5,28,9.3,28,9C28,8.7,27.8,8.5,27.6,8.5z\"\/><\/svg><\/span><\/a>\t<\/div>\n\t\t\t\t<\/div>\n\t\t\t\t<div class=\"qodef-e-info-right\">\n\t\t\t\t\t<div class=\"qodef-shortcode qodef-m  qodef-social-share clear qodef-layout--list \">\t\t\t<span class=\"qodef-social-title\"> <\/span>\t\t<ul class=\"qodef-shortcode-list\">\t\t<li class=\"qodef-facebook-share\">\t<a itemprop=\"url\" class=\"qodef-share-link\" href=\"#\" onclick=\"window.open(&#039;https:\/\/www.facebook.com\/sharer.php?u=https%3A%2F%2Fcolombiacultural.co%2F%3Fp%3D8065&#039;, &#039;sharer&#039;, &#039;toolbar=0,status=0,width=620,height=280&#039;);\">\t\t\t\t\t<span class=\"qodef-icon-kiko kiko-facebook kikos qodef-social-network-icon\"><\/span>\t\t\t<\/a><\/li><li class=\"qodef-linkedin-share\">\t<a itemprop=\"url\" class=\"qodef-share-link\" href=\"#\" onclick=\"popUp=window.open(&#039;https:\/\/linkedin.com\/shareArticle?mini=true&amp;url=https%3A%2F%2Fcolombiacultural.co%2F%3Fp%3D8065&amp;title=Descubre+la+Maravilla+de+%26%238220%3BSegunda+Tierra+72%26%238221%3B&#039;, &#039;popupwindow&#039;, &#039;scrollbars=yes,width=800,height=400&#039;);popUp.focus();return false;\">\t\t\t\t\t<span class=\"qodef-icon-kiko kiko-linkedin kikos qodef-social-network-icon\"><\/span>\t\t\t<\/a><\/li>\t<\/ul><\/div>\t\t\t\t<\/div>\n\t\t\t<\/div>\n\t\t<\/div>\n\t<\/div>\n<\/article>\n<article class=\"qodef-e qodef-blog-item qodef-grid-item qodef-item--full post-8071 post type-post status-publish format-standard has-post-thumbnail hentry category-blog\">\n\t<div class=\"qodef-e-inner\">\n\t\t<div class=\"qodef-e-media\">\n\t\t<div class=\"qodef-e-media-image\">\n\t\t<a itemprop=\"url\" href=\"https:\/\/colombiacultural.co\/?p=8071\">\n\t\t\t<img decoding=\"async\" width=\"1024\" height=\"1024\" src=\"https:\/\/colombiacultural.co\/wp-content\/uploads\/2024\/05\/hhjhgfffddf.jpg\" class=\"attachment-full size-full\" alt=\"\" srcset=\"https:\/\/colombiacultural.co\/wp-content\/uploads\/2024\/05\/hhjhgfffddf.jpg 1024w, https:\/\/colombiacultural.co\/wp-content\/uploads\/2024\/05\/hhjhgfffddf-300x300.jpg 300w, https:\/\/colombiacultural.co\/wp-content\/uploads\/2024\/05\/hhjhgfffddf-150x150.jpg 150w, https:\/\/colombiacultural.co\/wp-content\/uploads\/2024\/05\/hhjhgfffddf-768x768.jpg 768w, https:\/\/colombiacultural.co\/wp-content\/uploads\/2024\/05\/hhjhgfffddf-12x12.jpg 12w, https:\/\/colombiacultural.co\/wp-content\/uploads\/2024\/05\/hhjhgfffddf-650x650.jpg 650w\" sizes=\"(max-width: 1024px) 100vw, 1024px\" \/>\t\t<\/a>\n\t<\/div>\n<\/div>\n\t\t<div class=\"qodef-e-content\">\n\t\t\t<div class=\"qodef-e-info qodef-info--top\">\n\t\t\t\t<div itemprop=\"dateCreated\" class=\"qodef-e-info-item qodef-e-info-date entry-date \">\n\t<a itemprop=\"url\" href=\"https:\/\/colombiacultural.co\/?m=202405\">\n\t\tmayo 28, 2024\t<\/a>\n<\/div>\n\t\t\t<\/div>\n\t\t\t<div class=\"qodef-e-text\">\n\t\t\t\t<h2 itemprop=\"name\" class=\"qodef-e-title entry-title\" >\n\t<a itemprop=\"url\" class=\"qodef-e-title-link\" href=\"https:\/\/colombiacultural.co\/?p=8071\">\n\t\tCultura en Evoluci\u00f3n\t<\/a>\n<\/h2>\n\t\t<p itemprop=\"description\" class=\"qodef-e-excerpt\">La Transformaci\u00f3n a Trav\u00e9s del Arte en Compa\u00f1\u00eda Colombia Cultural La Compa\u00f1\u00eda Colombia Cultural (Cococu) se ha establecido como una de las entidades m\u00e1s influyentes en la promoci\u00f3n y desarrollo de la cultura en Colombia. A trav\u00e9s de diversas disciplinas art\u00edsticas y procesos<\/p>\n\t\t\t\t<\/div>\n\t\t\t<div class=\"qodef-e-info qodef-info--bottom\">\n\t\t\t\t<div class=\"qodef-e-info-left\">\n\t\t\t\t\t\t<div class=\"qodef-e-read-more\">\n\t\t<a class=\"qodef-shortcode qodef-m  qodef-button qodef-layout--textual  qodef-html--link\" href=\"https:\/\/colombiacultural.co\/?p=8071\" target=\"_self\"  >\t<span class=\"qodef-m-text\">Read More<\/span>    <span class=\"qodef-btn-icon\"><svg  xmlns=\"http:\/\/www.w3.org\/2000\/svg\" xmlns:xlink=\"http:\/\/www.w3.org\/1999\/xlink\" x=\"0px\" y=\"0px\" width=\"28\" height=\"18\" viewBox=\"0 0 28 18\"  xml:space=\"preserve\"><path d=\"M27.6,8.5c-5.5,0-9.5-8.1-9.5-8.2C17.9,0,17.7,0,17.5,0.1c-0.2,0.1-0.3,0.4-0.1,0.7c0.1,0.3,2.7,5.5,6.7,7.7H0.4C0.2,8.5,0,8.7,0,9c0,0.3,0.2,0.5,0.4,0.5h23.7c-4,2.2-6.6,7.4-6.7,7.7c-0.1,0.2,0,0.5,0.1,0.7c0.2,0.1,0.4,0.1,0.6-0.2c0-0.1,4.1-8.2,9.5-8.2C27.8,9.5,28,9.3,28,9C28,8.7,27.8,8.5,27.6,8.5z\"\/><path d=\"M27.6,8.5c-5.5,0-9.5-8.1-9.5-8.2C17.9,0,17.7,0,17.5,0.1c-0.2,0.1-0.3,0.4-0.1,0.7c0.1,0.3,2.7,5.5,6.7,7.7H0.4C0.2,8.5,0,8.7,0,9c0,0.3,0.2,0.5,0.4,0.5h23.7c-4,2.2-6.6,7.4-6.7,7.7c-0.1,0.2,0,0.5,0.1,0.7c0.2,0.1,0.4,0.1,0.6-0.2c0-0.1,4.1-8.2,9.5-8.2C27.8,9.5,28,9.3,28,9C28,8.7,27.8,8.5,27.6,8.5z\"\/><\/svg><\/span><\/a>\t<\/div>\n\t\t\t\t<\/div>\n\t\t\t\t<div class=\"qodef-e-info-right\">\n\t\t\t\t\t<div class=\"qodef-shortcode qodef-m  qodef-social-share clear qodef-layout--list \">\t\t\t<span class=\"qodef-social-title\"> <\/span>\t\t<ul class=\"qodef-shortcode-list\">\t\t<li class=\"qodef-facebook-share\">\t<a itemprop=\"url\" class=\"qodef-share-link\" href=\"#\" onclick=\"window.open(&#039;https:\/\/www.facebook.com\/sharer.php?u=https%3A%2F%2Fcolombiacultural.co%2F%3Fp%3D8071&#039;, &#039;sharer&#039;, &#039;toolbar=0,status=0,width=620,height=280&#039;);\">\t\t\t\t\t<span class=\"qodef-icon-kiko kiko-facebook kikos qodef-social-network-icon\"><\/span>\t\t\t<\/a><\/li><li class=\"qodef-linkedin-share\">\t<a itemprop=\"url\" class=\"qodef-share-link\" href=\"#\" onclick=\"popUp=window.open(&#039;https:\/\/linkedin.com\/shareArticle?mini=true&amp;url=https%3A%2F%2Fcolombiacultural.co%2F%3Fp%3D8071&amp;title=Cultura+en+Evoluci%C3%B3n&#039;, &#039;popupwindow&#039;, &#039;scrollbars=yes,width=800,height=400&#039;);popUp.focus();return false;\">\t\t\t\t\t<span class=\"qodef-icon-kiko kiko-linkedin kikos qodef-social-network-icon\"><\/span>\t\t\t<\/a><\/li>\t<\/ul><\/div>\t\t\t\t<\/div>\n\t\t\t<\/div>\n\t\t<\/div>\n\t<\/div>\n<\/article>\n<article class=\"qodef-e qodef-blog-item qodef-grid-item qodef-item--full post-8075 post type-post status-publish format-standard has-post-thumbnail hentry category-blog\">\n\t<div class=\"qodef-e-inner\">\n\t\t<div class=\"qodef-e-media\">\n\t\t<div class=\"qodef-e-media-image\">\n\t\t<a itemprop=\"url\" href=\"https:\/\/colombiacultural.co\/?p=8075\">\n\t\t\t<img decoding=\"async\" width=\"1024\" height=\"1024\" src=\"https:\/\/colombiacultural.co\/wp-content\/uploads\/2024\/05\/jju.jpg\" class=\"attachment-full size-full wp-post-image\" alt=\"\" srcset=\"https:\/\/colombiacultural.co\/wp-content\/uploads\/2024\/05\/jju.jpg 1024w, https:\/\/colombiacultural.co\/wp-content\/uploads\/2024\/05\/jju-300x300.jpg 300w, https:\/\/colombiacultural.co\/wp-content\/uploads\/2024\/05\/jju-150x150.jpg 150w, https:\/\/colombiacultural.co\/wp-content\/uploads\/2024\/05\/jju-768x768.jpg 768w, https:\/\/colombiacultural.co\/wp-content\/uploads\/2024\/05\/jju-12x12.jpg 12w, https:\/\/colombiacultural.co\/wp-content\/uploads\/2024\/05\/jju-650x650.jpg 650w\" sizes=\"(max-width: 1024px) 100vw, 1024px\" \/>\t\t<\/a>\n\t<\/div>\n<\/div>\n\t\t<div class=\"qodef-e-content\">\n\t\t\t<div class=\"qodef-e-info qodef-info--top\">\n\t\t\t\t<div itemprop=\"dateCreated\" class=\"qodef-e-info-item qodef-e-info-date entry-date \">\n\t<a itemprop=\"url\" href=\"https:\/\/colombiacultural.co\/?m=202405\">\n\t\tmayo 28, 2024\t<\/a>\n<\/div>\n\t\t\t<\/div>\n\t\t\t<div class=\"qodef-e-text\">\n\t\t\t\t<h2 itemprop=\"name\" class=\"qodef-e-title entry-title\" >\n\t<a itemprop=\"url\" class=\"qodef-e-title-link\" href=\"https:\/\/colombiacultural.co\/?p=8075\">\n\t\tInspirando el Futuro\t<\/a>\n<\/h2>\n\t\t<p itemprop=\"description\" class=\"qodef-e-excerpt\">Colombia Conecta desde las Artes Esc\u00e9nicas En el coraz\u00f3n de Colombia, las artes esc\u00e9nicas han emergido como un potente motor de cambio y conexi\u00f3n. Bajo el lema &#8220;Inspirando el Futuro: Colombia Conecta desde las Artes Esc\u00e9nicas&#8221;, el pa\u00eds no solo est\u00e1 abrazando su rico<\/p>\n\t\t\t\t<\/div>\n\t\t\t<div class=\"qodef-e-info qodef-info--bottom\">\n\t\t\t\t<div class=\"qodef-e-info-left\">\n\t\t\t\t\t\t<div class=\"qodef-e-read-more\">\n\t\t<a class=\"qodef-shortcode qodef-m  qodef-button qodef-layout--textual  qodef-html--link\" href=\"https:\/\/colombiacultural.co\/?p=8075\" target=\"_self\"  >\t<span class=\"qodef-m-text\">Read More<\/span>    <span class=\"qodef-btn-icon\"><svg  xmlns=\"http:\/\/www.w3.org\/2000\/svg\" xmlns:xlink=\"http:\/\/www.w3.org\/1999\/xlink\" x=\"0px\" y=\"0px\" width=\"28\" height=\"18\" viewBox=\"0 0 28 18\"  xml:space=\"preserve\"><path d=\"M27.6,8.5c-5.5,0-9.5-8.1-9.5-8.2C17.9,0,17.7,0,17.5,0.1c-0.2,0.1-0.3,0.4-0.1,0.7c0.1,0.3,2.7,5.5,6.7,7.7H0.4C0.2,8.5,0,8.7,0,9c0,0.3,0.2,0.5,0.4,0.5h23.7c-4,2.2-6.6,7.4-6.7,7.7c-0.1,0.2,0,0.5,0.1,0.7c0.2,0.1,0.4,0.1,0.6-0.2c0-0.1,4.1-8.2,9.5-8.2C27.8,9.5,28,9.3,28,9C28,8.7,27.8,8.5,27.6,8.5z\"\/><path d=\"M27.6,8.5c-5.5,0-9.5-8.1-9.5-8.2C17.9,0,17.7,0,17.5,0.1c-0.2,0.1-0.3,0.4-0.1,0.7c0.1,0.3,2.7,5.5,6.7,7.7H0.4C0.2,8.5,0,8.7,0,9c0,0.3,0.2,0.5,0.4,0.5h23.7c-4,2.2-6.6,7.4-6.7,7.7c-0.1,0.2,0,0.5,0.1,0.7c0.2,0.1,0.4,0.1,0.6-0.2c0-0.1,4.1-8.2,9.5-8.2C27.8,9.5,28,9.3,28,9C28,8.7,27.8,8.5,27.6,8.5z\"\/><\/svg><\/span><\/a>\t<\/div>\n\t\t\t\t<\/div>\n\t\t\t\t<div class=\"qodef-e-info-right\">\n\t\t\t\t\t<div class=\"qodef-shortcode qodef-m  qodef-social-share clear qodef-layout--list \">\t\t\t<span class=\"qodef-social-title\"> <\/span>\t\t<ul class=\"qodef-shortcode-list\">\t\t<li class=\"qodef-facebook-share\">\t<a itemprop=\"url\" class=\"qodef-share-link\" href=\"#\" onclick=\"window.open(&#039;https:\/\/www.facebook.com\/sharer.php?u=https%3A%2F%2Fcolombiacultural.co%2F%3Fp%3D8075&#039;, &#039;sharer&#039;, &#039;toolbar=0,status=0,width=620,height=280&#039;);\">\t\t\t\t\t<span class=\"qodef-icon-kiko kiko-facebook kikos qodef-social-network-icon\"><\/span>\t\t\t<\/a><\/li><li class=\"qodef-linkedin-share\">\t<a itemprop=\"url\" class=\"qodef-share-link\" href=\"#\" onclick=\"popUp=window.open(&#039;https:\/\/linkedin.com\/shareArticle?mini=true&amp;url=https%3A%2F%2Fcolombiacultural.co%2F%3Fp%3D8075&amp;title=Inspirando+el+Futuro&#039;, &#039;popupwindow&#039;, &#039;scrollbars=yes,width=800,height=400&#039;);popUp.focus();return false;\">\t\t\t\t\t<span class=\"qodef-icon-kiko kiko-linkedin kikos qodef-social-network-icon\"><\/span>\t\t\t<\/a><\/li>\t<\/ul><\/div>\t\t\t\t<\/div>\n\t\t\t<\/div>\n\t\t<\/div>\n\t<\/div>\n<\/article>\n<article class=\"qodef-e qodef-blog-item qodef-grid-item qodef-item--full post-8273 post type-post status-publish format-standard has-post-thumbnail hentry category-blog\">\n\t<div class=\"qodef-e-inner\">\n\t\t<div class=\"qodef-e-media\">\n\t\t<div class=\"qodef-e-media-image\">\n\t\t<a itemprop=\"url\" href=\"https:\/\/colombiacultural.co\/?p=8273\">\n\t\t\t<img loading=\"lazy\" decoding=\"async\" width=\"1350\" height=\"1341\" src=\"https:\/\/colombiacultural.co\/wp-content\/uploads\/2025\/02\/ghjkhjk.jpg\" class=\"attachment-full size-full wp-post-image\" alt=\"\" srcset=\"https:\/\/colombiacultural.co\/wp-content\/uploads\/2025\/02\/ghjkhjk.jpg 1350w, https:\/\/colombiacultural.co\/wp-content\/uploads\/2025\/02\/ghjkhjk-300x298.jpg 300w, https:\/\/colombiacultural.co\/wp-content\/uploads\/2025\/02\/ghjkhjk-1024x1017.jpg 1024w, https:\/\/colombiacultural.co\/wp-content\/uploads\/2025\/02\/ghjkhjk-150x150.jpg 150w, https:\/\/colombiacultural.co\/wp-content\/uploads\/2025\/02\/ghjkhjk-768x763.jpg 768w, https:\/\/colombiacultural.co\/wp-content\/uploads\/2025\/02\/ghjkhjk-12x12.jpg 12w\" sizes=\"(max-width: 1350px) 100vw, 1350px\" \/>\t\t<\/a>\n\t<\/div>\n<\/div>\n\t\t<div class=\"qodef-e-content\">\n\t\t\t<div class=\"qodef-e-info qodef-info--top\">\n\t\t\t\t<div itemprop=\"dateCreated\" class=\"qodef-e-info-item qodef-e-info-date entry-date \">\n\t<a itemprop=\"url\" href=\"https:\/\/colombiacultural.co\/?m=202502\">\n\t\tfebrero 14, 2025\t<\/a>\n<\/div>\n\t\t\t<\/div>\n\t\t\t<div class=\"qodef-e-text\">\n\t\t\t\t<h2 itemprop=\"name\" class=\"qodef-e-title entry-title\" >\n\t<a itemprop=\"url\" class=\"qodef-e-title-link\" href=\"https:\/\/colombiacultural.co\/?p=8273\">\n\t\tEn la arena del desapego: Habitarnos en Segunda Tierra 72\t<\/a>\n<\/h2>\n\t\t<p itemprop=\"description\" class=\"qodef-e-excerpt\">Cada gesto es un acto de entrega, cada latido un homenaje al presente. En el espacio ef\u00edmero del performance, el desapego se convierte en una puerta de acceso a lo desconocido, una invitaci\u00f3n a explorar el vac\u00edo f\u00e9rtil de la transformaci\u00f3n. \u00bfC\u00f3mo habitamos un presente absoluto?<\/p>\n\t\t\t\t<\/div>\n\t\t\t<div class=\"qodef-e-info qodef-info--bottom\">\n\t\t\t\t<div class=\"qodef-e-info-left\">\n\t\t\t\t\t\t<div class=\"qodef-e-read-more\">\n\t\t<a class=\"qodef-shortcode qodef-m  qodef-button qodef-layout--textual  qodef-html--link\" href=\"https:\/\/colombiacultural.co\/?p=8273\" target=\"_self\"  >\t<span class=\"qodef-m-text\">Read More<\/span>    <span class=\"qodef-btn-icon\"><svg  xmlns=\"http:\/\/www.w3.org\/2000\/svg\" xmlns:xlink=\"http:\/\/www.w3.org\/1999\/xlink\" x=\"0px\" y=\"0px\" width=\"28\" height=\"18\" viewBox=\"0 0 28 18\"  xml:space=\"preserve\"><path d=\"M27.6,8.5c-5.5,0-9.5-8.1-9.5-8.2C17.9,0,17.7,0,17.5,0.1c-0.2,0.1-0.3,0.4-0.1,0.7c0.1,0.3,2.7,5.5,6.7,7.7H0.4C0.2,8.5,0,8.7,0,9c0,0.3,0.2,0.5,0.4,0.5h23.7c-4,2.2-6.6,7.4-6.7,7.7c-0.1,0.2,0,0.5,0.1,0.7c0.2,0.1,0.4,0.1,0.6-0.2c0-0.1,4.1-8.2,9.5-8.2C27.8,9.5,28,9.3,28,9C28,8.7,27.8,8.5,27.6,8.5z\"\/><path d=\"M27.6,8.5c-5.5,0-9.5-8.1-9.5-8.2C17.9,0,17.7,0,17.5,0.1c-0.2,0.1-0.3,0.4-0.1,0.7c0.1,0.3,2.7,5.5,6.7,7.7H0.4C0.2,8.5,0,8.7,0,9c0,0.3,0.2,0.5,0.4,0.5h23.7c-4,2.2-6.6,7.4-6.7,7.7c-0.1,0.2,0,0.5,0.1,0.7c0.2,0.1,0.4,0.1,0.6-0.2c0-0.1,4.1-8.2,9.5-8.2C27.8,9.5,28,9.3,28,9C28,8.7,27.8,8.5,27.6,8.5z\"\/><\/svg><\/span><\/a>\t<\/div>\n\t\t\t\t<\/div>\n\t\t\t\t<div class=\"qodef-e-info-right\">\n\t\t\t\t\t<div class=\"qodef-shortcode qodef-m  qodef-social-share clear qodef-layout--list \">\t\t\t<span class=\"qodef-social-title\"> <\/span>\t\t<ul class=\"qodef-shortcode-list\">\t\t<li class=\"qodef-facebook-share\">\t<a itemprop=\"url\" class=\"qodef-share-link\" href=\"#\" onclick=\"window.open(&#039;https:\/\/www.facebook.com\/sharer.php?u=https%3A%2F%2Fcolombiacultural.co%2F%3Fp%3D8273&#039;, &#039;sharer&#039;, &#039;toolbar=0,status=0,width=620,height=280&#039;);\">\t\t\t\t\t<span class=\"qodef-icon-kiko kiko-facebook kikos qodef-social-network-icon\"><\/span>\t\t\t<\/a><\/li><li class=\"qodef-linkedin-share\">\t<a itemprop=\"url\" class=\"qodef-share-link\" href=\"#\" onclick=\"popUp=window.open(&#039;https:\/\/linkedin.com\/shareArticle?mini=true&amp;url=https%3A%2F%2Fcolombiacultural.co%2F%3Fp%3D8273&amp;title=En+la+arena+del+desapego%3A+Habitarnos+en+Segunda+Tierra+72&#039;, &#039;popupwindow&#039;, &#039;scrollbars=yes,width=800,height=400&#039;);popUp.focus();return false;\">\t\t\t\t\t<span class=\"qodef-icon-kiko kiko-linkedin kikos qodef-social-network-icon\"><\/span>\t\t\t<\/a><\/li>\t<\/ul><\/div>\t\t\t\t<\/div>\n\t\t\t<\/div>\n\t\t<\/div>\n\t<\/div>\n<\/article>\n\t<\/div>\n\t<\/div>\n\t\t<\/div>\n\t\t\t\t<\/div>\n\t\t\t\t\t<\/div>\n\t\t<\/div>\n\t\t\t\t\t<\/div>\n\t\t<\/section>\n\t\t\t\t<\/div>\n\t\t","protected":false},"excerpt":{"rendered":"<p>mayo 28, 2024 Descubre la Maravilla de \u00abSegunda Tierra 72\u00bb Un Evento Imperdible de Compa\u00f1\u00eda Colombia Cultural. Entre los meses de Julio y agosto de 2024, 72 personas ser\u00e1n testigos de un evento sin precedentes: \u00abSegunda Tierra 72\u00bb. Producido por Cococu, Compa\u00f1\u00eda Colombia Cultural este espect\u00e1culo performativo promete ser una experienc Read More mayo 28, [&hellip;]<\/p>\n","protected":false},"author":1,"featured_media":0,"parent":0,"menu_order":0,"comment_status":"closed","ping_status":"closed","template":"","meta":{"footnotes":""},"class_list":["post-957","page","type-page","status-publish","hentry"],"_links":{"self":[{"href":"https:\/\/colombiacultural.co\/index.php?rest_route=\/wp\/v2\/pages\/957","targetHints":{"allow":["GET"]}}],"collection":[{"href":"https:\/\/colombiacultural.co\/index.php?rest_route=\/wp\/v2\/pages"}],"about":[{"href":"https:\/\/colombiacultural.co\/index.php?rest_route=\/wp\/v2\/types\/page"}],"author":[{"embeddable":true,"href":"https:\/\/colombiacultural.co\/index.php?rest_route=\/wp\/v2\/users\/1"}],"replies":[{"embeddable":true,"href":"https:\/\/colombiacultural.co\/index.php?rest_route=%2Fwp%2Fv2%2Fcomments&post=957"}],"version-history":[{"count":12,"href":"https:\/\/colombiacultural.co\/index.php?rest_route=\/wp\/v2\/pages\/957\/revisions"}],"predecessor-version":[{"id":8120,"href":"https:\/\/colombiacultural.co\/index.php?rest_route=\/wp\/v2\/pages\/957\/revisions\/8120"}],"wp:attachment":[{"href":"https:\/\/colombiacultural.co\/index.php?rest_route=%2Fwp%2Fv2%2Fmedia&parent=957"}],"curies":[{"name":"wp","href":"https:\/\/api.w.org\/{rel}","templated":true}]}}